{"id":587,"date":"2024-09-03T17:13:08","date_gmt":"2024-09-03T15:13:08","guid":{"rendered":"https:\/\/goldrausch.org\/en\/?page_id=587"},"modified":"2026-02-10T10:55:41","modified_gmt":"2026-02-10T09:55:41","slug":"kuenstlerinnen","status":"publish","type":"page","link":"https:\/\/goldrausch.org\/en\/kuenstlerinnen\/","title":{"rendered":"K\u00fcnstlerinnen 2026"},"content":{"rendered":"<p>Kristina Kusmina Dreit<br \/>\nJelena Fu\u017einato<br \/>\nJane Garbert<br \/>\nRahel grote Lambers<br \/>\nRezzan G\u00fcmg\u00fcm<br \/>\nKsti Hu<br \/>\nSuah Im<br \/>\nAlma Itzhaky<br \/>\nWiebke Mertens<br \/>\nEsther Rosenboom<br \/>\nMarie Salcedo Horn<br \/>\nMiriam Schmidtke<br \/>\nDaria Syvakos<br \/>\nHyejeong Yun<br \/>\nRosh Zeeba<\/p>\n","protected":false},"excerpt":{"rendered":"<p>Kristina Kusmina Dreit Jelena Fu\u017einato Jane Garbert Rahel grote Lambers Rezzan G\u00fcmg\u00fcm Ksti Hu Suah Im Alma Itzhaky Wiebke Mertens Esther Rosenboom Marie Salcedo Horn Miriam Schmidtke Daria Syvakos Hyejeong Yun Rosh Zeeba<\/p>\n","protected":false},"author":1,"featured_media":0,"parent":0,"menu_order":3,"comment_status":"closed","ping_status":"closed","template":"","meta":{"_acf_changed":false,"footnotes":""},"class_list":["post-587","page","type-page","status-publish","hentry"],"acf":[],"_links":{"self":[{"href":"https:\/\/goldrausch.org\/en\/wp-json\/wp\/v2\/pages\/587","targetHints":{"allow":["GET"]}}],"collection":[{"href":"https:\/\/goldrausch.org\/en\/wp-json\/wp\/v2\/pages"}],"about":[{"href":"https:\/\/goldrausch.org\/en\/wp-json\/wp\/v2\/types\/page"}],"author":[{"embeddable":true,"href":"https:\/\/goldrausch.org\/en\/wp-json\/wp\/v2\/users\/1"}],"replies":[{"embeddable":true,"href":"https:\/\/goldrausch.org\/en\/wp-json\/wp\/v2\/comments?post=587"}],"version-history":[{"count":8,"href":"https:\/\/goldrausch.org\/en\/wp-json\/wp\/v2\/pages\/587\/revisions"}],"predecessor-version":[{"id":5326,"href":"https:\/\/goldrausch.org\/en\/wp-json\/wp\/v2\/pages\/587\/revisions\/5326"}],"wp:attachment":[{"href":"https:\/\/goldrausch.org\/en\/wp-json\/wp\/v2\/media?parent=587"}],"curies":[{"name":"wp","href":"https:\/\/api.w.org\/{rel}","templated":true}]}}