{"id":58,"date":"2023-07-25T13:47:15","date_gmt":"2023-07-25T11:47:15","guid":{"rendered":"https:\/\/goldrausch.org\/en\/?page_id=58"},"modified":"2026-03-02T15:43:20","modified_gmt":"2026-03-02T14:43:20","slug":"links","status":"publish","type":"page","link":"https:\/\/goldrausch.org\/en\/links\/","title":{"rendered":"Links"},"content":{"rendered":"<h1>Ausstellungskalender \/ Online-Magazine<\/h1>\n<p><a class=\"pink\" href=\"http:\/\/www.art-in-berlin.de\/\" target=\"_blank\" rel=\"noopener\">art-in-berlin.de<\/a><br \/>\n<a class=\"pink\" href=\"http:\/\/www.artnews.info\/\" target=\"_blank\" rel=\"noopener\">artnews.info<\/a><br \/>\n<a class=\"pink\" href=\"http:\/\/www.aviva-berlin.de\/\" target=\"_blank\" rel=\"noopener\">aviva-berlin.de<\/a> Online Magazin f\u00fcr Frauen<br \/>\n<a class=\"pink\" href=\"http:\/\/www.berlinartgrid.com\/events\/this_week\/\" target=\"_blank\" rel=\"noopener\">berlinartgrid.com<\/a><br \/>\n<a class=\"pink\" href=\"http:\/\/www.berlinartlink.com\/category\/current-events\/\" target=\"_blank\" rel=\"noopener\">berlinartlink.com<\/a><br \/>\n<a class=\"pink\" href=\"http:\/\/www.bpigs.com\/\" target=\"_blank\" rel=\"noopener\">bpigs.com<\/a> Berlin Independents Guide<br \/>\n<a class=\"pink\" href=\"http:\/\/www.contemporaryand.com\/\" target=\"_blank\" rel=\"noopener\">contemporaryand.com<\/a> Plattform for international art from African perspectives<br \/>\n<a class=\"pink\" href=\"http:\/\/www.e-artnow.org\/\" target=\"_blank\" rel=\"noopener\">e-artnow.org<\/a><br \/>\n<a class=\"pink\" href=\"http:\/\/www.e-flux.com\/\" target=\"_blank\" rel=\"noopener\">e-flux.com<\/a><br \/>\n<a class=\"pink\" href=\"http:\/\/www.indexberlin.de\/\" target=\"_blank\" rel=\"noopener\">indexberlin.de<\/a> Ausstellungsindex Berlin<br \/>\n<a class=\"pink\" href=\"http:\/\/universes-in-universe.de\/\" target=\"_blank\" rel=\"noopener\">universes-in-universe.de<\/a> Kunst aus Afrika, Asien, den Amerikas im internationalen Kontext<br \/>\n<a class=\"pink\" href=\"http:\/\/www.vonhundert.de\/\" target=\"_blank\" rel=\"noopener\">vonhundert.de<\/a> Kunstzeitschrift aus Berlin<\/p>\n<h1>Newsletter und Online-Journale<\/h1>\n<p><a class=\"pink\" href=\"https:\/\/hyperallergic.com\/\" target=\"_blank\" rel=\"noopener\">hyperallergic.com<\/a><br \/>\n<a class=\"pink\" href=\"https:\/\/news.artnet.com\/\" target=\"_blank\" rel=\"noopener\">news.artnet.com<\/a><br \/>\n<a class=\"pink\" href=\"https:\/\/kubaparis.com\/\" target=\"_blank\" rel=\"noopener\">kubaparis.com<\/a><\/p>\n<h1>Informationen f\u00fcr K\u00fcnstler:innen<\/h1>\n<p><a class=\"pink\" href=\"http:\/\/berlinerpool.de\/#\" target=\"_blank\" rel=\"noopener\">berlinerpool.de<\/a><br \/>\n<a class=\"pink\" href=\"http:\/\/www.bildkunst.de\/\" target=\"_blank\" rel=\"noopener\">bildkunst.de<\/a> Verwertungsgesellschaft BILD-KUNST<br \/>\n<a class=\"pink\" href=\"http:\/\/www.careercenter.udk-berlin.de\/\" target=\"_blank\" rel=\"noopener\">careercenter.udk-berlin.de<\/a> Workshops und Beratung, Infos zur Existenzgr\u00fcndung<br \/>\n<a class=\"pink\" href=\"http:\/\/www.creative-city-berlin.de\/\" target=\"_blank\" rel=\"noopener\">creative-city-berlin.de<\/a> Portal der Stadt Berlin f\u00fcr Kulturschaffende und die Kreativwirtschaft<br \/>\n<a class=\"pink\" href=\"http:\/\/gedok.de\/\" target=\"_blank\" rel=\"noopener\">gedok.de<\/a><br \/>\n<a class=\"pink\" href=\"http:\/\/www.goethe.de\/kue\/bku\/kur\/kur\/deindex.htm\" target=\"_blank\" rel=\"noopener\">goethe.de<\/a> Kurator:innen in Deutschland<br \/>\n<a class=\"pink\" href=\"http:\/\/www.igbk.de\/\" target=\"_blank\" rel=\"noopener\">igbk.de<\/a> Int. Gesellschaft f\u00fcr Bildende K\u00fcnste; Ausschreibungen, int. K\u00fcnstlerausweis<br \/>\n<a class=\"pink\" href=\"http:\/\/www.kuenstlerbund.de\/\" target=\"_blank\" rel=\"noopener\">kuenstlerbund.de<\/a><br \/>\n<a class=\"pink\" href=\"http:\/\/www.kuenstlersozialkasse.de\/\" target=\"_blank\" rel=\"noopener\">kuenstlersozialkasse.de<\/a><br \/>\n<a class=\"pink\" href=\"http:\/\/kunst.verdi.de\/\" target=\"_blank\" rel=\"noopener\">kunst.verdi.de<\/a>, <a class=\"pink\" href=\"http:\/\/www.mediafon.net\/\" target=\"_blank\" rel=\"noopener\">mediafon.net<\/a> Abteilung Kunst in der Gewerkschaft Verdi zu Fragen Selbstst\u00e4ndiger<br \/>\n<a class=\"pink\" href=\"http:\/\/www.paul-klinger-ksw.de\/\" target=\"_blank\" rel=\"noopener\">paul-klinger-ksw.de<\/a> M\u00fcnchner Verein, Informationen bei Fragen der sozialen Existenzsicherung<br \/>\n<a class=\"pink\" href=\"http:\/\/www.finanzamt.bayern.de\/Informationen\/Steuerinfos\/Zielgruppen\/Kuenstler\/\" target=\"_blank\" rel=\"noopener\">finanzamt.bayern.de<\/a> Bayerisches Staatsministerium der Finanzen Brosch\u00fcre \u201eSteuertipps f\u00fcr K\u00fcnstler\u201c<\/p>\n<h1>Ausschreibungen &amp; Stipendien<\/h1>\n<p><a class=\"pink\" href=\"https:\/\/asef.org\/all-projects\/open-calls\/\" target=\"_blank\" rel=\"noopener\">asef.org\/projects\/programmes<\/a> Asia Europe Foundation, interkulturelle Angebote, Creative Networks<br \/>\n<a class=\"pink\" href=\"https:\/\/www.bbk-bundesverband.de\/ausschreibungen\/aktuelle-ausschreibungen\/\" target=\"_blank\" rel=\"noopener\">bbk-bundesverband.de<\/a> Ausschreibungen<br \/>\n<a class=\"pink\" href=\"https:\/\/www.bbk-berlin.de\/con\/bbk\/front_content.php\/idcat.25\" target=\"_blank\" rel=\"noopener\">bbk-berlin.de<\/a> Ausschreibungen<br \/>\n<a class=\"pink\" href=\"http:\/\/www.bbk-kulturwerk.de\/\" target=\"_blank\" rel=\"noopener\">bbk-kulturwerk.de<\/a> Berufsverband, Atelierf\u00f6rderung, B\u00fcro f\u00fcr Kunst im \u00f6ffentlichen Raum und Workshops. Newsletter<br \/>\n<a class=\"pink\" href=\"https:\/\/www.berlin.de\/sen\/kultur\/foerderung\/foerderprogramme\/\" target=\"_blank\" rel=\"noopener\">https:\/\/www.berlin.de\/sen\/kultur\/foerderung\/foerderprogramme\/<\/a> Stipendien und Projektf\u00f6rderung des Berliner Senats<br \/>\n<a class=\"pink\" href=\"http:\/\/fotowettbewerbe.de\/\" target=\"_blank\" rel=\"noopener\">fotowettbewerbe.de<\/a> Ausschreibung Fotowettbewerbe<br \/>\n<a class=\"pink\" href=\"https:\/\/hfbk-hamburg.de\/de\/aktuelles\/ausschreibungen\/\" target=\"_blank\" rel=\"noopener\">https:\/\/hfbk-hamburg.de\/de\/aktuelles\/ausschreibungen\/<\/a><br \/>\n<a class=\"pink\" href=\"http:\/\/www.hgb-leipzig.de\/studium\/stipendien_wettbewerbe\/#block707\" target=\"_blank\" rel=\"noopener\">hgb-leipzig.de\/index.php?a=studium&amp;b=stip&amp;<\/a><br \/>\n<a class=\"pink\" href=\"http:\/\/www.kunstfonds.de\/\" target=\"_blank\" rel=\"noopener\">kunstfonds.de<\/a> Stipendien und Projektf\u00f6rderung<br \/>\n<a class=\"pink\" href=\"https:\/\/www.kreativkultur.berlin\/de\/forderfinder\/\" target=\"_blank\" rel=\"noopener\">kreativkultur.berlin<\/a> F\u00f6rderfinder: Kunst sowie Kulturelle Bildung<br \/>\n<a class=\"pink\" href=\"https:\/\/www.kunstbuero-bw.de\/ausschreibungen.html\" target=\"_blank\" rel=\"noopener\">kunstbuero-bw.de<\/a> regionale, deutschlandweite und internationale Ausschreibungen<br \/>\n<a class=\"pink\" href=\"https:\/\/www.facebook.com\/mondaynews\/\" target=\"_blank\" rel=\"noopener\">mondaynews <\/a>Mondaynews, art events and calls for participation<\/p>\n<h1>Residencies<\/h1>\n<p><a class=\"pink\" href=\"http:\/\/www.artistsinresidence.ch\/\" target=\"_blank\" rel=\"noopener\">artistsinresidence.ch<\/a><br \/>\n<a class=\"pink\" href=\"http:\/\/www.goethe.de\/kue\/bku\/khs\/khs\/deindex.htm\" target=\"_blank\" rel=\"noopener\">goethe.de<\/a> K\u00fcnstlerh\u00e4user in Deutschland<br \/>\n<a class=\"pink\" href=\"http:\/\/www.kuenstlerhaus-balmoral.de\/links.html\" target=\"_blank\" rel=\"noopener\">kuenstlerhaus-balmoral.de<\/a> Aufenthaltsstipendien<br \/>\n<a class=\"pink\" href=\"https:\/\/www.kuenstlergut-proesitz.de\/index.php\/en\/ausschreibung\/\" target=\"_blank\" rel=\"noopener\">kuenstlergut-proesitz.de<\/a> Aufenthaltsstipendien f\u00fcr Bildhauerinnen mit Kindern<br \/>\n<a class=\"pink\" href=\"http:\/\/on-the-move.org\/\" target=\"_blank\" rel=\"noopener\">on-the-move.org<\/a> Plattform f\u00fcr Reisestipendien<br \/>\n<a class=\"pink\" href=\"https:\/\/resartis.org\/\" target=\"_blank\" rel=\"noopener\">resartis.org<\/a><br \/>\n<a class=\"pink\" href=\"http:\/\/residencyunlimited.org\/residencies\/\" target=\"_blank\" rel=\"noopener\">residencyunlimited.org<\/a><br \/>\n<a class=\"pink\" href=\"http:\/\/www.transartists.org\/deadlines\/\" target=\"_blank\" rel=\"noopener\">transartists.org<\/a><br \/>\n<a class=\"pink\" href=\"http:\/\/www.trianglenetwork.org\/\" target=\"_blank\" rel=\"noopener\">trianglenetwork.org<\/a><\/p>\n<h1>Ausstellungsorte Berlin<\/h1>\n<p><a class=\"pink\" href=\"http:\/\/galeriewedding.de\/\" target=\"_blank\" rel=\"noopener\">galeriewedding.de<\/a> Galerie Wedding \u2013 Raum f\u00fcr zeitgen\u00f6ssische Kunst<br \/>\n<a class=\"pink\" href=\"http:\/\/www.kunstraumkreuzberg.de\/\" target=\"_blank\" rel=\"noopener\">kunstraumkreuzberg.de<\/a> Kunstraum Kreuzberg\/Bethanien<br \/>\n<a class=\"pink\" href=\"http:\/\/www.kunstverein-tiergarten.de\/\" target=\"_blank\" rel=\"noopener\">kunstverein-tiergarten.de<\/a> Galerie Nord des Kunstvereins Tiergarten<br \/>\n<a class=\"pink\" href=\"http:\/\/www.nbk.org\/\" target=\"_blank\" rel=\"noopener\">nbk.org<\/a> Neuer Berliner Kunstverein<br \/>\n<a class=\"pink\" href=\"http:\/\/www.ngbk.de\/\" target=\"_blank\" rel=\"noopener\">ngbk.de<\/a> Neue Gesellschaft f\u00fcr Bildende Kunst<br \/>\n<a class=\"pink\" href=\"http:\/\/www.projektraeume-berlin.net\/\" target=\"_blank\" rel=\"noopener\">projektraeume-berlin.net<\/a> Netzwerk freier Projektr\u00e4ume in Berlin<\/p>\n<h1>Projektpartner &amp; Freunde<\/h1>\n<p><a class=\"pink\" href=\"http:\/\/www.goldrausch-ev.de\/\" target=\"_blank\" rel=\"noopener\">goldrausch-ev.de<\/a> Goldrausch Frauennetzwerk Berlin e.V., Frauenfinanzierungsnetzwerk, Tr\u00e4ger des K\u00fcnstlerinnenprojekts<\/p>\n<p><a class=\"pink\" href=\"http:\/\/www.bbk-bildungswerk.de\/\" target=\"_blank\" rel=\"noopener\">bbk-bildungswerk.de<\/a> Workshops und Informationsveranstaltungen f\u00fcr Bildende K\u00fcnstler:innen in Berlin<br \/>\n<a href=\"https:\/\/www.fairshareforwomenartists.de\/\" target=\"_blank\" rel=\"noopener\">fairshareforwomenartists.de<\/a>\u00a0Aktionsb\u00fcndnis f\u00fcr die Sichtbarkeit von K\u00fcnstlerinnen*<br \/>\n<a class=\"pink\" href=\"http:\/\/www.pro-exzellenzia.de\/\" target=\"_blank\" rel=\"noopener\">pro-exzellenzia.de<\/a> Hamburger Hochschule-Initiative f\u00fcr Frauen, die eine F\u00fchrungsposition in Wissenschaft, Wirtschaft oder Kultur anstreben<\/p>\n<p><a class=\"pink\" href=\"http:\/\/www.anonyme-zeichner.de\/home\/\" target=\"_blank\" rel=\"noopener\">anonyme-zeichner.de<\/a><br \/>\n<a class=\"pink\" href=\"http:\/\/www.centrumberlin.com\/\" target=\"_blank\" rel=\"noopener\">centrumberlin.com<\/a><br \/>\n<a class=\"pink\" href=\"http:\/\/www.damensalon.net\/\" target=\"_blank\" rel=\"noopener\">damensalon.net<\/a><br \/>\n<a class=\"pink\" href=\"http:\/\/www.eberleeisfeld.de\/\" target=\"_blank\" rel=\"noopener\">eberleeisfeld.de<\/a><br \/>\n<a class=\"pink\" href=\"http:\/\/www.oqbo.de\/aktuelles\/\" target=\"_blank\" rel=\"noopener\">oqbo.de<\/a><br \/>\n<a href=\"https:\/\/www.preggnant.com\/\" target=\"_blank\" rel=\"noopener\">preggnant.com<\/a><br \/>\n<a class=\"pink\" href=\"http:\/\/www.projectspace.uqbar-ev.de\/\/\" target=\"_blank\" rel=\"noopener\">projectspace.uqbar-ev.de<\/a><br \/>\n<a class=\"pink\" href=\"http:\/\/www.rimini-berlin.de\/\" target=\"_blank\" rel=\"noopener\">rimini-berlin.de<\/a><\/p>\n","protected":false},"excerpt":{"rendered":"<p>Ausstellungskalender \/ Online-Magazine art-in-berlin.de artnews.info aviva-berlin.de Online Magazin f\u00fcr Frauen berlinartgrid.com berlinartlink.com bpigs.com Berlin Independents Guide contemporaryand.com Plattform for international art from African perspectives e-artnow.org e-flux.com indexberlin.de Ausstellungsindex Berlin universes-in-universe.de Kunst aus Afrika, Asien, den Amerikas im internationalen Kontext vonhundert.de Kunstzeitschrift aus Berlin Newsletter und Online-Journale hyperallergic.com news.artnet.com kubaparis.com Informationen f\u00fcr K\u00fcnstler:innen berlinerpool.de bildkunst.de Verwertungsgesellschaft [&hellip;]<\/p>\n","protected":false},"author":2,"featured_media":0,"parent":0,"menu_order":6,"comment_status":"closed","ping_status":"closed","template":"","meta":{"_acf_changed":false,"footnotes":""},"class_list":["post-58","page","type-page","status-publish","hentry"],"acf":[],"_links":{"self":[{"href":"https:\/\/goldrausch.org\/en\/wp-json\/wp\/v2\/pages\/58","targetHints":{"allow":["GET"]}}],"collection":[{"href":"https:\/\/goldrausch.org\/en\/wp-json\/wp\/v2\/pages"}],"about":[{"href":"https:\/\/goldrausch.org\/en\/wp-json\/wp\/v2\/types\/page"}],"author":[{"embeddable":true,"href":"https:\/\/goldrausch.org\/en\/wp-json\/wp\/v2\/users\/2"}],"replies":[{"embeddable":true,"href":"https:\/\/goldrausch.org\/en\/wp-json\/wp\/v2\/comments?post=58"}],"version-history":[{"count":3,"href":"https:\/\/goldrausch.org\/en\/wp-json\/wp\/v2\/pages\/58\/revisions"}],"predecessor-version":[{"id":5329,"href":"https:\/\/goldrausch.org\/en\/wp-json\/wp\/v2\/pages\/58\/revisions\/5329"}],"wp:attachment":[{"href":"https:\/\/goldrausch.org\/en\/wp-json\/wp\/v2\/media?parent=58"}],"curies":[{"name":"wp","href":"https:\/\/api.w.org\/{rel}","templated":true}]}}