{"id":52,"date":"2023-07-25T13:25:35","date_gmt":"2023-07-25T11:25:35","guid":{"rendered":"https:\/\/goldrausch.org\/en\/?page_id=52"},"modified":"2025-12-19T14:44:43","modified_gmt":"2025-12-19T13:44:43","slug":"impressum","status":"publish","type":"page","link":"https:\/\/goldrausch.org\/en\/impressum\/","title":{"rendered":"Impressum"},"content":{"rendered":"<h1>Adresse<\/h1>\n<p>Goldrausch K\u00fcnstlerinnenprojekt<br \/>\nFahrbereitschaft (Haus 12, 1. OG)<br \/>\nHerzbergstra\u00dfe 40\u201343<br \/>\n10365 Berlin<br \/>\nTelefon: +49 (0) 30 3906 3863<br \/>\n<a class=\"pink\" href=\"mailto:info@goldrausch-kuenstlerinnen.de\">info@goldrausch-kuenstlerinnen.de<\/a><br \/>\n<a class=\"pink\" href=\"https:\/\/goldrausch.org\/en\">goldrausch.org\/en<\/a><\/p>\n<h1 class=\"ueberschrift\">Impressum<\/h1>\n<p>GOLDRAUSCH Frauennetzwerk Berlin e. V.<br \/>\nAnklamer Str. 38<br \/>\n10115 Berlin<br \/>\n<a class=\"pink\" href=\"http:\/\/www.goldrausch-ev.de\" target=\"_blank\" rel=\"noopener noreferrer\">goldrausch-ev.de<\/a><\/p>\n<p>Vorstand: Sabine Bangert, Karin Ebert, Catherina Pieroth-Manelli<\/p>\n<p>Registergericht: Amtsgericht Charlottenburg, Registernummer: VR 7126 B<\/p>\n<p>Inhaltlich Verantwortlicher gem\u00e4\u00df \u00a7 10 Absatz 3 MDStV, ViSdP: Hannah Kruse, Goldrausch K\u00fcnstlerinnenprojekt, Fahrbereitschaft (Pf\u00f6rtnerh\u00e4uschen), Herzbergstra\u00dfe 40\u201343, 10365 Berlin<\/p>\n<h2>F\u00f6rderung<\/h2>\n<p>Das Goldrausch K\u00fcnstlerinnenprojekt wird gef\u00f6rdert aus Mitteln der Europ\u00e4ischen Union (Europ\u00e4ischer Sozialfonds Plus) und des Landes Berlin.<\/p>\n<p><img loading=\"lazy\" decoding=\"async\" class=\"alignnone size-full wp-image-4772\" src=\"https:\/\/goldrausch.org\/en\/wp-content\/uploads\/sites\/5\/2025\/01\/230511_goldrausch_web_foerderer_logoband_eng.png\" alt=\"\" width=\"2292\" height=\"625\" srcset=\"https:\/\/goldrausch.org\/en\/wp-content\/uploads\/sites\/5\/2025\/01\/230511_goldrausch_web_foerderer_logoband_eng.png 2292w, https:\/\/goldrausch.org\/en\/wp-content\/uploads\/sites\/5\/2025\/01\/230511_goldrausch_web_foerderer_logoband_eng-300x82.png 300w, https:\/\/goldrausch.org\/en\/wp-content\/uploads\/sites\/5\/2025\/01\/230511_goldrausch_web_foerderer_logoband_eng-1024x279.png 1024w, https:\/\/goldrausch.org\/en\/wp-content\/uploads\/sites\/5\/2025\/01\/230511_goldrausch_web_foerderer_logoband_eng-768x209.png 768w, https:\/\/goldrausch.org\/en\/wp-content\/uploads\/sites\/5\/2025\/01\/230511_goldrausch_web_foerderer_logoband_eng-1536x419.png 1536w, https:\/\/goldrausch.org\/en\/wp-content\/uploads\/sites\/5\/2025\/01\/230511_goldrausch_web_foerderer_logoband_eng-2048x558.png 2048w\" sizes=\"auto, (max-width: 2292px) 100vw, 2292px\" \/><\/p>\n<h2 class=\"ueberschrift\">Barrierefreiheit<\/h2>\n<p>Die Internetseiten des Goldrausch K\u00fcnstlerinnenprojekts und die zum Download angebotenen Dokumente sind weitgehend barrierefrei. Grundlage hierf\u00fcr bilden die Richtlinien der Verordnung zur Schaffung barrierefreier Informationstechnik nach dem Behindertengleichstellungsgesetz (Barrierefreie Informationstechnik-Verordnung).<\/p>\n<p>Wir streben eine weitgehende Konformit\u00e4t mit den Anforderungen der BITV an. Barrierefreiheit verstehen wir als fortlaufenden Prozess und werden unser Internetangebot in Zukunft weiter pr\u00fcfen, anpassen und optimieren.<\/p>\n<h2 class=\"ueberschrift\">Haftung f\u00fcr Links<\/h2>\n<p>Trotz sorgf\u00e4ltiger inhaltlicher Kontrolle \u00fcbernimmt GOLDRAUSCH Frauennetzwerk Berlin e. V. keine Haftung f\u00fcr die Inhalte externer Links. F\u00fcr den Inhalt der verlinkten Seiten sind ausschlie\u00dflich deren Betreiber:innen verantwortlich.<br \/>\nDurch das Urteil vom 12. Mai 1998 \u201eHaftung f\u00fcr Links\u201c (312 O 85\/98) hat das Landgericht Hamburg eindeutig entschieden, dass man durch die Anbringung eines Links die Inhalte der gelinkten Seite ggf. mit zu verantworten hat, also haftbar gemacht werden kann; dies kann nur dadurch verhindert werden, indem man sich ausdr\u00fccklich von diesen Inhalten distanziert.<br \/>\nGOLDRAUSCH Frauennetzwerk e.V. distanziert sich hiermit ausdr\u00fccklich von allen Inhalten s\u00e4mtlicher gelinkter Seiten und verweist darauf, dass der Verein weder Einfluss auf Gestaltung und Inhalte der gelinkten Seiten hat noch sich diese Inhalte zu eigen macht.<\/p>\n<h2 class=\"ueberschrift\">Urheberrecht\/Leistungsschutzrecht<\/h2>\n<p>Die auf dieser Webseite ver\u00f6ffentlichten Inhalte, Werke und bereitgestellten Informationen unterliegen dem deutschen Urheberrecht und Leistungsschutzrecht. Jede Art der Vervielf\u00e4ltigung, Bearbeitung, Verbreitung, Einspeicherung und jede Art der Verwertung au\u00dferhalb der Grenzen des Urheberrechts bedarf der vorherigen schriftlichen Zustimmung des jeweiligen Rechteinhabers. Das unerlaubte Kopieren\/Speichern der bereitgestellten Informationen auf diesen Webseiten ist nicht gestattet und strafbar.<\/p>\n<p>Dieses Impressum gilt f\u00fcr <a class=\"pink\" href=\"https:\/\/goldrausch.org\/en\">goldrausch-kuenstlerinnen.de<\/a> sowie f\u00fcr <a class=\"pink\" href=\"https:\/\/goldrausch.org\/en\">goldrausch.org\/en<\/a><\/p>\n<p>Gestaltung der Website<br \/>\nRimini Berlin, <a class=\"pink\" href=\"https:\/\/www.rimini-berlin.de\/de\" target=\"_blank\" rel=\"noopener noreferrer\">rimini-berlin.de<\/a><\/p>\n<p>Programmierung<br \/>\nNora Cristea, <a href=\"https:\/\/www.preggnant.com\/\">preggnant agency<\/a><br \/>\nEsra Paul Afken<\/p>\n","protected":false},"excerpt":{"rendered":"<p>Adresse Goldrausch K\u00fcnstlerinnenprojekt Fahrbereitschaft (Haus 12, 1. OG) Herzbergstra\u00dfe 40\u201343 10365 Berlin Telefon: +49 (0) 30 3906 3863 info@goldrausch-kuenstlerinnen.de goldrausch.org\/en Impressum GOLDRAUSCH Frauennetzwerk Berlin e. V. Anklamer Str. 38 10115 Berlin goldrausch-ev.de Vorstand: Sabine Bangert, Karin Ebert, Catherina Pieroth-Manelli Registergericht: Amtsgericht Charlottenburg, Registernummer: VR 7126 B Inhaltlich Verantwortlicher gem\u00e4\u00df \u00a7 10 Absatz 3 MDStV, ViSdP: [&hellip;]<\/p>\n","protected":false},"author":1,"featured_media":0,"parent":0,"menu_order":7,"comment_status":"closed","ping_status":"closed","template":"","meta":{"_acf_changed":false,"footnotes":""},"class_list":["post-52","page","type-page","status-publish","hentry"],"acf":[],"_links":{"self":[{"href":"https:\/\/goldrausch.org\/en\/wp-json\/wp\/v2\/pages\/52","targetHints":{"allow":["GET"]}}],"collection":[{"href":"https:\/\/goldrausch.org\/en\/wp-json\/wp\/v2\/pages"}],"about":[{"href":"https:\/\/goldrausch.org\/en\/wp-json\/wp\/v2\/types\/page"}],"author":[{"embeddable":true,"href":"https:\/\/goldrausch.org\/en\/wp-json\/wp\/v2\/users\/1"}],"replies":[{"embeddable":true,"href":"https:\/\/goldrausch.org\/en\/wp-json\/wp\/v2\/comments?post=52"}],"version-history":[{"count":4,"href":"https:\/\/goldrausch.org\/en\/wp-json\/wp\/v2\/pages\/52\/revisions"}],"predecessor-version":[{"id":5248,"href":"https:\/\/goldrausch.org\/en\/wp-json\/wp\/v2\/pages\/52\/revisions\/5248"}],"wp:attachment":[{"href":"https:\/\/goldrausch.org\/en\/wp-json\/wp\/v2\/media?parent=52"}],"curies":[{"name":"wp","href":"https:\/\/api.w.org\/{rel}","templated":true}]}}