{"id":3,"date":"2023-07-24T14:28:37","date_gmt":"2023-07-24T12:28:37","guid":{"rendered":"https:\/\/goldrausch.org\/en\/?page_id=3"},"modified":"2025-05-28T19:11:32","modified_gmt":"2025-05-28T17:11:32","slug":"datenschutzerklaerung","status":"publish","type":"page","link":"https:\/\/goldrausch.org\/en\/datenschutzerklaerung\/","title":{"rendered":"Datenschutzerkl\u00e4rung"},"content":{"rendered":"<div class=\"entry-content\">\n<h1 class=\"ueberschrift\">Datenschutzerkl\u00e4rung<\/h1>\n<h2 class=\"ueberschrift\">Geltungsbereich<\/h2>\n<p>Diese Datenschutzerkl\u00e4rung soll die Nutzer:innen dieser Website gem\u00e4\u00df Bundesdatenschutzgesetz und Telemediengesetz \u00fcber die Art, den Umfang und den Zweck der Erhebung und Verwendung personenbezogener Daten durch die Websitebetreiber:innen<br \/>\nGoldrausch K\u00fcnstlerinnenprojekt<br \/>\nHannah Kruse<br \/>\nFahrbereitschaft (Haus 12, Eingang 12.4)<br \/>\nHerzbergstra\u00dfe 40\u201343<br \/>\n10365 Berlin<br \/>\ninfo@goldrausch-kuenstlerinnen.de<br \/>\nwww.goldrausch.org\/en<br \/>\ninformieren.<\/p>\n<p>Die Websitebetreiber:innen nehmen Ihren Datenschutz sehr ernst und behandeln Ihre personenbezogenen Daten vertraulich und entsprechend der gesetzlichen Vorschriften sowie dieser Datenschutzerkl\u00e4rung.<\/p>\n<p>Die Nutzung unserer Website ist in der Regel ohne Angabe personenbezogener Daten m\u00f6glich. Soweit auf unseren Seiten personenbezogene Daten (beispielsweise Name, Anschrift oder E-Mail-Adressen) erhoben werden, erfolgt dies, soweit m\u00f6glich, stets auf freiwilliger Basis. Diese Daten werden ohne Ihre ausdr\u00fcckliche Zustimmung nicht an Dritte weitergegeben.<\/p>\n<p>Wir weisen darauf hin, dass die Daten\u00fcbertragung im Internet (z.B. bei der Kommunikation per E-Mail) Sicherheitsl\u00fccken aufweisen kann. Ein l\u00fcckenloser Schutz der Daten vor dem Zugriff durch Dritte ist nicht m\u00f6glich.<\/p>\n<h2 class=\"ueberschrift\">Zugriffsdaten<\/h2>\n<p>Der Websitebetreiber:innen bzw. Seitenprovider erhebt Daten \u00fcber Zugriffe auf die Seite und speichert diese als \u201eServer-Logfiles\u201c ab. Folgende Daten werden so protokolliert:<\/p>\n<ul class=\"aufzaehlung\">\n<li>Besuchte Website<\/li>\n<li>Uhrzeit zum Zeitpunkt des Zugriffes<\/li>\n<li>Menge der gesendeten Daten in Byte<\/li>\n<li>Quelle\/Verweis, von welchem Sie auf die Seite gelangten<\/li>\n<li>Verwendeter Browser<\/li>\n<li>Verwendetes Betriebssystem<\/li>\n<li>Verwendete IP-Adresse<\/li>\n<\/ul>\n<p>&nbsp;<\/p>\n<p>Diese Daten sind nicht bestimmten Personen zuordenbar. Eine Zusammenf\u00fchrung dieser Daten mit anderen Datenquellen wird nicht vorgenommen. Die erhobenen Daten dienen lediglich statistischen Auswertungen und zur Verbesserung der Website. Die Websitebetreiber:innen behalten sich allerdings vor, die Server-Logfiles nachtr\u00e4glich zu \u00fcberpr\u00fcfen, sollten konkrete Anhaltspunkte auf eine rechtswidrige Nutzung hinweisen.<\/p>\n<h2 class=\"ueberschrift\">Cookies<\/h2>\n<p>Diese Website verwendet Cookies. Dabei handelt es sich um kleine Textdateien, welche auf Ihrem Endger\u00e4t gespeichert werden. Ihr Browser greift auf diese Dateien zu. Durch den Einsatz von Cookies erh\u00f6ht sich die Benutzerfreundlichkeit und Sicherheit dieser Website.<\/p>\n<p>G\u00e4ngige Browser bieten die Einstellungsoption, Cookies nicht zuzulassen. Hinweis: Es ist nicht gew\u00e4hrleistet, dass Sie auf alle Funktionen dieser Website ohne Einschr\u00e4nkungen zugreifen k\u00f6nnen, wenn Sie entsprechende Einstellungen vornehmen.<\/p>\n<h2 class=\"ueberschrift\">Umgang mit personenbezogenen Daten<\/h2>\n<p>Die Websitebetreiber:innen erheben, nutzen und geben Ihre personenbezogenen Daten nur dann weiter, wenn dies im gesetzlichen Rahmen erlaubt ist oder Sie in die Datenerhebung einwilligen.<\/p>\n<p>Als personenbezogene Daten gelten s\u00e4mtliche Informationen, welche dazu dienen, Ihre Person zu bestimmen und welche zu Ihnen zur\u00fcckverfolgt werden k\u00f6nnen \u2013 also beispielsweise Ihr Name, Ihre E-Mail-Adresse und Telefonnummer.<\/p>\n<h2 class=\"ueberschrift\">Umgang mit Kontaktdaten<\/h2>\n<p>Nehmen Sie mit den Websitebetreiber:innen durch die angebotenen Kontaktm\u00f6glichkeiten Verbindung auf, werden Ihre Angaben gespeichert, damit auf diese zur Bearbeitung und Beantwortung Ihrer Anfrage zur\u00fcckgegriffen werden kann. Ohne Ihre Einwilligung werden diese Daten nicht an Dritte weitergegeben.<\/p>\n<h2 class=\"ueberschrift\">Datenschutz bei Bewerbungen und im Bewerbungsverfahren<\/h2>\n<p>Die f\u00fcr die Verarbeitung Verantwortlichen erheben und verarbeiten die personenbezogenen Daten von Bewerber:innen zum Zwecke der Abwicklung des Bewerbungsverfahrens. Die Verarbeitung kann auch auf elektronischem Wege erfolgen. Dies ist insbesondere dann der Fall, wenn Bewerber:innen entsprechende Bewerbungsunterlagen auf dem elektronischen Wege, beispielsweise per E-Mail oder \u00fcber ein auf der Internetseite befindliches Webformular an die f\u00fcr die Verarbeitung Verantwortlichen \u00fcbermittelt. Schlie\u00dfen die f\u00fcr die Verarbeitung Verantwortlichen einen Anstellungsvertrag mit Bewerber:innen, werden die \u00fcbermittelten Daten zum Zwecke der Abwicklung des Besch\u00e4ftigungsverh\u00e4ltnisses unter Beachtung der gesetzlichen Vorschriften gespeichert. Wird von den f\u00fcr die Verarbeitung Verantwortlichen kein Anstellungsvertrag mit Bewerber:innen geschlossen, so werden die Bewerbungsunterlagen sechs Monate nach Bekanntgabe der Absageentscheidung gel\u00f6scht, sofern einer L\u00f6schung keine sonstigen berechtigten Interessen des f\u00fcr die Verarbeitung Verantwortlichen entgegenstehen. Sonstiges berechtigtes Interesse in diesem Sinne ist beispielsweise eine Beweispflicht in einem Verfahren nach dem Allgemeinen Gleichbehandlungsgesetz (AGG).<\/p>\n<h2 class=\"ueberschrift\">Onlinepr\u00e4senzen in sozialen Medien<\/h2>\n<p>Wir unterhalten Onlinepr\u00e4senzen innerhalb sozialer Netzwerke und Plattformen, um mit den dort aktiven Interessent:innen und Nutzer:innen kommunizieren und sie dort \u00fcber unsere Leistungen informieren zu k\u00f6nnen. Beim Aufruf der jeweiligen Netzwerke und Plattformen gelten die Gesch\u00e4ftsbedingungen und die Datenverarbeitungsrichtlinien deren jeweiligen Betreiber:innen.<\/p>\n<p>Soweit nicht anders im Rahmen unserer Datenschutzerkl\u00e4rung angegeben, verarbeiten wird die Daten der Nutzer:innen sofern diese mit uns innerhalb der sozialen Netzwerke und Plattformen kommunizieren, z.B. Beitr\u00e4ge auf unseren Onlinepr\u00e4senzen verfassen oder uns Nachrichten zusenden.<\/p>\n<h2 class=\"ueberschrift\">Facebook<\/h2>\n<p>Auf unserer Internetseite sind Verweise (Links) auf das externe soziale Netzwerk Facebook implementiert. Sie erkennen die Verweise im Rahmen unseres Internetauftritts anhand des Facebook Logos. Wir verwenden hierf\u00fcr keine sogenannten \u201eSocial-Plugins\u201c von Facebook. Durch das Anklicken des Symbols werden Sie direkt zu den Internetseiten von Facebook weitergeleitet. Dieser Internetauftritt wird von der Facebook Inc., 1601 S. California Ave, Palo Alto, CA 94304, USA, betrieben. Zweck und Umfang der Datenerhebung und die weitere Verarbeitung und Nutzung der Daten durch Facebook sowie Ihre diesbez\u00fcglichen Rechte und Einstellungsm\u00f6glichkeiten zum Schutz Ihrer Privatsph\u00e4re entnehmen Sie bitte den Datenschutzhinweisen von Facebook: <a class=\"pink\" href=\"https:\/\/de-de.facebook.com\/about\/privacy\/update\" target=\"_blank\" rel=\"noopener noreferrer\">https:\/\/de-de.facebook.com\/about\/privacy\/update<\/a>.<\/p>\n<h2 class=\"ueberschrift\">Instagram<\/h2>\n<p>Auf unserer Internetseite sind Verweise (Links) auf das soziale Netzwerk Instagram implementiert. Den Link zu Instagram erkennen Sie an dem \u201eInstagram-Symbol\u201d auf unserer Internetseite. Wir verwenden hierf\u00fcr keine sogenannten \u201eSocial-Plugins\u201c von Instagram. Durch das Anklicken dieser Symbole werden Sie direkt zu den Internetseiten von Instagram, ein Unternehmen von Facebook, weitergeleitet. Dieser Internetauftritt wird von der Instagram Inc., 1601 Willow Road, Menlo Park, CA, 94025, USA betrieben. Zweck und Umfang der Datenerhebung und die weitere Verarbeitung und Nutzung der Daten durch Instagram sowie Ihre diesbez\u00fcglichen Rechte und Einstellungsm\u00f6glichkeiten zum Schutz Ihrer Privatsph\u00e4re entnehmen Sie bitte den Datenschutzhinweisen von Instagram: <a class=\"pink\" href=\"http:\/\/instagram.com\/about\/legal\/privacy\/\" target=\"_blank\" rel=\"noopener noreferrer\">http:\/\/instagram.com\/about\/legal\/privacy\/<\/a>.<\/p>\n<h2 class=\"ueberschrift\">Ma\u00dfgebliche Rechtsgrundlagen<\/h2>\n<p>Nach Ma\u00dfgabe des Art. 13 DSGVO teilen wir Ihnen die Rechtsgrundlagen unserer Datenverarbeitungen mit. Sofern die Rechtsgrundlage in der Datenschutzerkl\u00e4rung nicht genannt wird, gilt Folgendes: Die Rechtsgrundlage f\u00fcr die Einholung von Einwilligungen ist Art. 6 Abs. 1 lit. a und Art. 7 DSGVO, die Rechtsgrundlage f\u00fcr die Verarbeitung zur Erf\u00fcllung unserer Leistungen und Durchf\u00fchrung vertraglicher Ma\u00dfnahmen sowie Beantwortung von Anfragen ist Art. 6 Abs. 1 lit. b DSGVO, die Rechtsgrundlage f\u00fcr die Verarbeitung zur Erf\u00fcllung unserer rechtlichen Verpflichtungen ist Art. 6 Abs. 1 lit. c DSGVO, und die Rechtsgrundlage f\u00fcr die Verarbeitung zur Wahrung unserer berechtigten Interessen ist Art. 6 Abs. 1 lit. f DSGVO. F\u00fcr den Fall, dass lebenswichtige Interessen der betroffenen Person oder einer anderen nat\u00fcrlichen Person eine Verarbeitung personenbezogener Daten erforderlich machen, dient Art. 6 Abs. 1 lit. d DSGVO als Rechtsgrundlage.<\/p>\n<h2 class=\"ueberschrift\">Ihre Rechte<\/h2>\n<p>Sie k\u00f6nnen sich jederzeit bei uns melden und Auskunft, Berichtigung, L\u00f6schung oder Einschr\u00e4nkung der Verarbeitung der \u00fcber Sie gespeicherten Daten verlangen. Au\u00dferdem steht Ihnen ein Recht auf Daten\u00fcbertragbarkeit und das Recht zur Beschwerde bei einer Aufsichtsbeh\u00f6rde zu. Bitte wenden Sie sich zur Aus\u00fcbung Ihrer uns gegen\u00fcber zustehenden Rechte an <a class=\"pink\" href=\"mailto:info@goldrausch-kuenstlerinnen.de\">info@goldrausch-kuenstlerinnen.de<\/a><\/p>\n<\/div>\n","protected":false},"excerpt":{"rendered":"<p>Datenschutzerkl\u00e4rung Geltungsbereich Diese Datenschutzerkl\u00e4rung soll die Nutzer:innen dieser Website gem\u00e4\u00df Bundesdatenschutzgesetz und Telemediengesetz \u00fcber die Art, den Umfang und den Zweck der Erhebung und Verwendung personenbezogener Daten durch die Websitebetreiber:innen Goldrausch K\u00fcnstlerinnenprojekt Hannah Kruse Fahrbereitschaft (Haus 12, Eingang 12.4) Herzbergstra\u00dfe 40\u201343 10365 Berlin info@goldrausch-kuenstlerinnen.de www.goldrausch.org\/en informieren. Die Websitebetreiber:innen nehmen Ihren Datenschutz sehr ernst und behandeln [&hellip;]<\/p>\n","protected":false},"author":1,"featured_media":0,"parent":0,"menu_order":8,"comment_status":"closed","ping_status":"closed","template":"","meta":{"_acf_changed":false,"footnotes":""},"class_list":["post-3","page","type-page","status-publish","hentry"],"acf":[],"_links":{"self":[{"href":"https:\/\/goldrausch.org\/en\/wp-json\/wp\/v2\/pages\/3","targetHints":{"allow":["GET"]}}],"collection":[{"href":"https:\/\/goldrausch.org\/en\/wp-json\/wp\/v2\/pages"}],"about":[{"href":"https:\/\/goldrausch.org\/en\/wp-json\/wp\/v2\/types\/page"}],"author":[{"embeddable":true,"href":"https:\/\/goldrausch.org\/en\/wp-json\/wp\/v2\/users\/1"}],"replies":[{"embeddable":true,"href":"https:\/\/goldrausch.org\/en\/wp-json\/wp\/v2\/comments?post=3"}],"version-history":[{"count":4,"href":"https:\/\/goldrausch.org\/en\/wp-json\/wp\/v2\/pages\/3\/revisions"}],"predecessor-version":[{"id":4979,"href":"https:\/\/goldrausch.org\/en\/wp-json\/wp\/v2\/pages\/3\/revisions\/4979"}],"wp:attachment":[{"href":"https:\/\/goldrausch.org\/en\/wp-json\/wp\/v2\/media?parent=3"}],"curies":[{"name":"wp","href":"https:\/\/api.w.org\/{rel}","templated":true}]}}